{"id":988,"date":"2020-11-03T13:12:06","date_gmt":"2020-11-03T12:12:06","guid":{"rendered":"https:\/\/www.champagne-laurent-courtillier-10.fr\/contact\/"},"modified":"2023-07-18T09:18:51","modified_gmt":"2023-07-18T07:18:51","slug":"contact","status":"publish","type":"page","link":"https:\/\/www.champagne-laurent-courtillier-10.fr\/en\/contact\/","title":{"rendered":"Contact"},"content":{"rendered":"<div class=\"fusion-fullwidth fullwidth-box fusion-builder-row-1 fusion-flex-container has-pattern-background has-mask-background fusion-parallax-none nonhundred-percent-fullwidth non-hundred-percent-height-scrolling lazyload contactbg\" style=\"--awb-background-position:right bottom;--awb-border-radius-top-left:0px;--awb-border-radius-top-right:0px;--awb-border-radius-bottom-right:0px;--awb-border-radius-bottom-left:0px;--awb-padding-top:120px;--awb-padding-bottom:120px;--awb-padding-top-medium:50px;--awb-padding-bottom-medium:50px;--awb-padding-top-small:20px;--awb-padding-bottom-small:20px;--awb-background-color-small:#ffffff;--awb-background-size:20vw;--awb-flex-wrap:wrap;\" data-bg=\"https:\/\/www.champagne-laurent-courtillier-10.fr\/wp-content\/uploads\/2023\/07\/deoccontent.png\" ><div class=\"fusion-builder-row fusion-row fusion-flex-align-items-stretch fusion-flex-content-wrap\" style=\"max-width:1248px;margin-left: calc(-4% \/ 2 );margin-right: calc(-4% \/ 2 );\"><div class=\"fusion-layout-column fusion_builder_column fusion-builder-column-0 fusion_builder_column_2_3 2_3 fusion-flex-column\" style=\"--awb-bg-size:cover;--awb-width-large:66.666666666667%;--awb-margin-top-large:0px;--awb-spacing-right-large:2.88%;--awb-margin-bottom-large:0px;--awb-spacing-left-large:2.88%;--awb-width-medium:66.666666666667%;--awb-order-medium:0;--awb-spacing-right-medium:2.88%;--awb-spacing-left-medium:2.88%;--awb-width-small:100%;--awb-order-small:0;--awb-spacing-right-small:1.92%;--awb-spacing-left-small:1.92%;\"><div class=\"fusion-column-wrapper fusion-column-has-shadow fusion-flex-justify-content-flex-start fusion-content-layout-column\"><div class=\"fusion-form fusion-form-builder fusion-form-form-wrapper fusion-form-240\" style=\"--awb-tooltip-text-color:#ffffff;--awb-tooltip-background-color:#333333;\" data-form-id=\"240\" data-config=\"{&quot;form_id&quot;:240,&quot;form_post_id&quot;:240,&quot;post_id&quot;:988,&quot;form_type&quot;:&quot;ajax&quot;,&quot;confirmation_type&quot;:&quot;message&quot;,&quot;redirect_url&quot;:&quot;&quot;,&quot;redirect_timeout&quot;:&quot;0&quot;,&quot;field_labels&quot;:{&quot;nom&quot;:&quot;Nom:&quot;,&quot;mail&quot;:&quot;Email :&quot;,&quot;telephone&quot;:&quot;T\\u00e9l\\u00e9phone :&quot;,&quot;message&quot;:&quot;Message :&quot;},&quot;field_logics&quot;:{&quot;nom&quot;:&quot;&quot;,&quot;mail&quot;:&quot;&quot;,&quot;telephone&quot;:&quot;&quot;,&quot;message&quot;:&quot;&quot;,&quot;submit_1&quot;:&quot;&quot;,&quot;notice_1&quot;:&quot;&quot;},&quot;field_types&quot;:{&quot;nom&quot;:&quot;text&quot;,&quot;mail&quot;:&quot;email&quot;,&quot;telephone&quot;:&quot;phone_number&quot;,&quot;message&quot;:&quot;textarea&quot;,&quot;hypot_field&quot;:&quot;honeypot&quot;,&quot;recaptcha_1&quot;:&quot;recaptcha&quot;,&quot;submit_1&quot;:&quot;submit&quot;,&quot;notice_1&quot;:&quot;notice&quot;},&quot;nonce_method&quot;:&quot;ajax&quot;,&quot;form_views&quot;:&quot;&quot;,&quot;form_views_counting&quot;:&quot;&quot;}\"><form action=\"https:\/\/www.champagne-laurent-courtillier-10.fr\/en\/contact\/\" method=\"post\" class=\"fusion-form fusion-form-240\"><div class=\"fusion-fullwidth fullwidth-box fusion-builder-row-1-1 fusion-flex-container has-pattern-background has-mask-background nonhundred-percent-fullwidth non-hundred-percent-height-scrolling\" style=\"--awb-border-radius-top-left:0px;--awb-border-radius-top-right:0px;--awb-border-radius-bottom-right:0px;--awb-border-radius-bottom-left:0px;--awb-padding-right:0px;--awb-padding-left:0px;--awb-flex-wrap:wrap;\" ><div class=\"fusion-builder-row fusion-row fusion-flex-align-items-flex-start fusion-flex-content-wrap\" style=\"width:104% !important;max-width:104% !important;margin-left: calc(-4% \/ 2 );margin-right: calc(-4% \/ 2 );\"><div class=\"fusion-layout-column fusion_builder_column fusion-builder-column-1 fusion_builder_column_1_1 1_1 fusion-flex-column\" style=\"--awb-bg-size:cover;--awb-width-large:100%;--awb-flex-grow:0;--awb-flex-shrink:0;--awb-margin-top-large:0px;--awb-spacing-right-large:1.92%;--awb-margin-bottom-large:20px;--awb-spacing-left-large:1.92%;--awb-width-medium:100%;--awb-order-medium:0;--awb-flex-grow-medium:0;--awb-flex-shrink-medium:0;--awb-spacing-right-medium:1.92%;--awb-spacing-left-medium:1.92%;--awb-width-small:100%;--awb-order-small:0;--awb-flex-grow-small:0;--awb-flex-shrink-small:0;--awb-spacing-right-small:1.92%;--awb-spacing-left-small:1.92%;\"><div class=\"fusion-column-wrapper fusion-column-has-shadow fusion-flex-justify-content-flex-start fusion-content-layout-column\"><div class=\"fusion-form-field fusion-form-text-field fusion-form-label-above\" style=\"\" data-form-id=\"240\"><div class=\"fusion-form-label-wrapper\"><label for=\"nom\">Nom:<\/label><\/div><div class=\"fusion-form-input-with-icon\"><i class=\"awb-form-icon fa-user-circle fas\"><\/i><input type=\"text\" autocomplete=\"off\" name=\"nom\" id=\"nom\" value=\"\"  class=\"fusion-form-input\" data-holds-private-data=\"false\" minlength=\"0\"\/><\/div><\/div><div class=\"fusion-form-field fusion-form-email-field fusion-form-label-above\" style=\"\" data-form-id=\"240\"><div class=\"fusion-form-label-wrapper\"><label for=\"mail\">Email :<\/label><\/div><div class=\"fusion-form-input-with-icon\"><i class=\"awb-form-icon fa-envelope fas\"><\/i><input type=\"email\" autocomplete=\"off\" name=\"mail\" id=\"mail\" value=\"\"  class=\"fusion-form-input\" data-holds-private-data=\"false\"\/><\/div><\/div><div class=\"fusion-form-field fusion-form-phone-number-field fusion-form-label-above\" style=\"\" data-form-id=\"240\"><div class=\"fusion-form-label-wrapper\"><label for=\"telephone\">T\u00e9l\u00e9phone :<\/label><\/div><div class=\"fusion-form-input-with-icon\"><i class=\"awb-form-icon fa-phone-alt fas\"><\/i><input type=\"tel\" autocomplete=\"off\" name=\"telephone\" id=\"telephone\" value=\"\"  class=\"fusion-form-input\" data-holds-private-data=\"false\"\/><\/div><\/div><div class=\"fusion-form-field fusion-form-textarea-field fusion-form-label-above\" style=\"\" data-form-id=\"240\"><label for=\"message\">Message :<\/label><div class=\"fusion-form-input-with-icon\"><i class=\" fa-comment fas\"><\/i><textarea cols=\"40\" autocomplete=\"off\"  minlength=\"0\"  rows=\"4\" tabindex=\"\" id=\"message\" name=\"message\" class=\"fusion-form-input\" data-holds-private-data=\"false\"><\/textarea><\/div><\/div><div class=\"fusion-form-field fusion-form-honeypot-field fusion-form-label-above honeyform\" style=\"\" data-form-id=\"240\"><input type=\"hidden\" tabindex=\"-1\" name=\"hypot_field\" class=\"fusion-form-input\" autocomplete=\"hypot-6a00a0557a40c\" aria-hidden=\"true\" data-fusion-is-honeypot=\"true\"><\/div><div class=\"fusion-form-field fusion-form-recaptcha-field fusion-form-label-above\" style=\"\" data-form-id=\"240\">\t\t\t\t<div class=\"form-creator-recaptcha\" >\n\t\t\t\t\t\t\t\t\t\t\t\t\t<\/div>\n\t\t\t\t<\/div><div class=\"fusion-form-field fusion-form-submit-field fusion-form-label-above\" style=\"\" data-form-id=\"240\"><div class=\"md-text-align-center sm-text-align-center\"><button type=\"submit\" class=\"fusion-button button-flat fusion-button-default-size button-default fusion-button-default button-1 fusion-button-default-span  button-default form-form-submit\" data-form-number=\"240\" tabindex=\"\"><i class=\"fa-paper-plane fas awb-button__icon awb-button__icon--default button-icon-left\" aria-hidden=\"true\"><\/i><span class=\"fusion-button-text awb-button__text awb-button__text--default\">Envoyer<\/span><\/button><\/div><\/div><div class=\"form-submission-notices data-notice_1\" id=\"fusion-notices-1\" data-instance=\"1\"><div class=\"fusion-alert alert success alert-success fusion-alert-center fusion-form-response fusion-form-response-success awb-alert-native-link-color alert-dismissable awb-alert-close-boxed\" style=\"--awb-margin-top:30px;\" role=\"alert\"><div class=\"fusion-alert-content-wrapper\"><span class=\"alert-icon\"><i class=\"awb-icon-check-circle\" aria-hidden=\"true\"><\/i><\/span><span class=\"fusion-alert-content\">Votre message a bien \u00e9t\u00e9 envoy\u00e9<\/span><\/div><button type=\"button\" class=\"close toggle-alert\" data-dismiss=\"alert\" aria-label=\"Close\">&times;<\/button><\/div><div class=\"fusion-alert alert error alert-danger fusion-alert-center fusion-form-response fusion-form-response-error awb-alert-native-link-color alert-dismissable awb-alert-close-boxed\" style=\"--awb-margin-top:30px;\" role=\"alert\"><div class=\"fusion-alert-content-wrapper\"><span class=\"alert-icon\"><i class=\"awb-icon-exclamation-triangle\" aria-hidden=\"true\"><\/i><\/span><span class=\"fusion-alert-content\">Une erreur s'est produite lors de la tentative d'envoi de votre message. Veuillez r\u00e9essayer plus tard.<\/span><\/div><button type=\"button\" class=\"close toggle-alert\" data-dismiss=\"alert\" aria-label=\"Close\">&times;<\/button><\/div><\/div><\/div><\/div><\/div><\/div><input type=\"hidden\" name=\"fusion_privacy_expiration_interval\" value=\"48\"><input type=\"hidden\" name=\"privacy_expiration_action\" value=\"anonymize\"><\/form><\/div><\/div><\/div><div class=\"fusion-layout-column fusion_builder_column fusion-builder-column-2 fusion_builder_column_1_3 1_3 fusion-flex-column fusion-no-small-visibility\" style=\"--awb-bg-size:cover;--awb-width-large:33.333333333333%;--awb-flex-grow:0;--awb-flex-shrink:0;--awb-margin-top-large:0px;--awb-spacing-right-large:5.76%;--awb-margin-bottom-large:20px;--awb-spacing-left-large:5.76%;--awb-width-medium:33.333333333333%;--awb-order-medium:0;--awb-flex-grow-medium:0;--awb-flex-shrink-medium:0;--awb-spacing-right-medium:5.76%;--awb-spacing-left-medium:5.76%;--awb-width-small:100%;--awb-order-small:0;--awb-flex-grow-small:0;--awb-flex-shrink-small:0;--awb-spacing-right-small:1.92%;--awb-spacing-left-small:1.92%;\" data-scroll-devices=\"small-visibility,medium-visibility,large-visibility\"><div class=\"fusion-column-wrapper fusion-column-has-shadow fusion-flex-justify-content-flex-start fusion-content-layout-column\"><div class=\"fusion-image-element \" style=\"--awb-caption-title-font-family:var(--h2_typography-font-family);--awb-caption-title-font-weight:var(--h2_typography-font-weight);--awb-caption-title-font-style:var(--h2_typography-font-style);--awb-caption-title-size:var(--h2_typography-font-size);--awb-caption-title-transform:var(--h2_typography-text-transform);--awb-caption-title-line-height:var(--h2_typography-line-height);--awb-caption-title-letter-spacing:var(--h2_typography-letter-spacing);\"><span class=\" fusion-imageframe imageframe-none imageframe-1 hover-type-none\"><img decoding=\"async\" width=\"1707\" height=\"2560\" title=\"CHAMPAGNE LAURENT COURTILLIER_27\" src=\"https:\/\/www.champagne-laurent-courtillier-10.fr\/wp-content\/uploads\/2023\/07\/CHAMPAGNE-LAURENT-COURTILLIER_27-scaled.jpg\" data-orig-src=\"https:\/\/www.champagne-laurent-courtillier-10.fr\/wp-content\/uploads\/2023\/07\/CHAMPAGNE-LAURENT-COURTILLIER_27-scaled.jpg\" alt class=\"lazyload img-responsive wp-image-986\" srcset=\"data:image\/svg+xml,%3Csvg%20xmlns%3D%27http%3A%2F%2Fwww.w3.org%2F2000%2Fsvg%27%20width%3D%271707%27%20height%3D%272560%27%20viewBox%3D%270%200%201707%202560%27%3E%3Crect%20width%3D%271707%27%20height%3D%272560%27%20fill-opacity%3D%220%22%2F%3E%3C%2Fsvg%3E\" data-srcset=\"https:\/\/www.champagne-laurent-courtillier-10.fr\/wp-content\/uploads\/2023\/07\/CHAMPAGNE-LAURENT-COURTILLIER_27-200x300.jpg 200w, https:\/\/www.champagne-laurent-courtillier-10.fr\/wp-content\/uploads\/2023\/07\/CHAMPAGNE-LAURENT-COURTILLIER_27-400x600.jpg 400w, https:\/\/www.champagne-laurent-courtillier-10.fr\/wp-content\/uploads\/2023\/07\/CHAMPAGNE-LAURENT-COURTILLIER_27-600x900.jpg 600w, https:\/\/www.champagne-laurent-courtillier-10.fr\/wp-content\/uploads\/2023\/07\/CHAMPAGNE-LAURENT-COURTILLIER_27-800x1200.jpg 800w, https:\/\/www.champagne-laurent-courtillier-10.fr\/wp-content\/uploads\/2023\/07\/CHAMPAGNE-LAURENT-COURTILLIER_27-1200x1800.jpg 1200w, https:\/\/www.champagne-laurent-courtillier-10.fr\/wp-content\/uploads\/2023\/07\/CHAMPAGNE-LAURENT-COURTILLIER_27-scaled.jpg 1707w\" data-sizes=\"auto\" data-orig-sizes=\"(max-width: 1000px) 100vw, 400px\" \/><\/span><\/div><\/div><\/div><\/div><\/div>\n","protected":false},"excerpt":{"rendered":"","protected":false},"author":1,"featured_media":0,"parent":0,"menu_order":0,"comment_status":"closed","ping_status":"closed","template":"100-width.php","meta":{"footnotes":""},"class_list":["post-988","page","type-page","status-publish","hentry"],"yoast_head":"<!-- This site is optimized with the Yoast SEO plugin v25.2 - https:\/\/yoast.com\/wordpress\/plugins\/seo\/ -->\n<title>Contact - Champagne Laurent Courtillier<\/title>\n<meta name=\"robots\" content=\"index, follow, max-snippet:-1, max-image-preview:large, max-video-preview:-1\" \/>\n<link rel=\"canonical\" href=\"https:\/\/www.champagne-laurent-courtillier-10.fr\/en\/contact\/\" \/>\n<meta property=\"og:locale\" content=\"en_US\" \/>\n<meta property=\"og:type\" content=\"article\" \/>\n<meta property=\"og:title\" content=\"Contact - Champagne Laurent Courtillier\" \/>\n<meta property=\"og:url\" content=\"https:\/\/www.champagne-laurent-courtillier-10.fr\/en\/contact\/\" \/>\n<meta property=\"og:site_name\" content=\"Champagne Laurent Courtillier\" \/>\n<meta property=\"article:publisher\" content=\"https:\/\/www.facebook.com\/champagnecourtillierlaurent\" \/>\n<meta property=\"article:modified_time\" content=\"2023-07-18T07:18:51+00:00\" \/>\n<meta name=\"twitter:card\" content=\"summary_large_image\" \/>\n<meta name=\"twitter:label1\" content=\"Est. reading time\" \/>\n\t<meta name=\"twitter:data1\" content=\"7 minutes\" \/>\n<script type=\"application\/ld+json\" class=\"yoast-schema-graph\">{\"@context\":\"https:\/\/schema.org\",\"@graph\":[{\"@type\":\"WebPage\",\"@id\":\"https:\/\/www.champagne-laurent-courtillier-10.fr\/en\/contact\/\",\"url\":\"https:\/\/www.champagne-laurent-courtillier-10.fr\/en\/contact\/\",\"name\":\"Contact - Champagne Laurent Courtillier\",\"isPartOf\":{\"@id\":\"https:\/\/www.champagne-laurent-courtillier-10.fr\/#website\"},\"datePublished\":\"2020-11-03T12:12:06+00:00\",\"dateModified\":\"2023-07-18T07:18:51+00:00\",\"breadcrumb\":{\"@id\":\"https:\/\/www.champagne-laurent-courtillier-10.fr\/en\/contact\/#breadcrumb\"},\"inLanguage\":\"en-US\",\"potentialAction\":[{\"@type\":\"ReadAction\",\"target\":[\"https:\/\/www.champagne-laurent-courtillier-10.fr\/en\/contact\/\"]}]},{\"@type\":\"BreadcrumbList\",\"@id\":\"https:\/\/www.champagne-laurent-courtillier-10.fr\/en\/contact\/#breadcrumb\",\"itemListElement\":[{\"@type\":\"ListItem\",\"position\":1,\"name\":\"Accueil\",\"item\":\"https:\/\/www.champagne-laurent-courtillier-10.fr\/en\/the-estate\/\"},{\"@type\":\"ListItem\",\"position\":2,\"name\":\"Contact\"}]},{\"@type\":\"WebSite\",\"@id\":\"https:\/\/www.champagne-laurent-courtillier-10.fr\/#website\",\"url\":\"https:\/\/www.champagne-laurent-courtillier-10.fr\/\",\"name\":\"Champagne Laurent Courtillier\",\"description\":\"\",\"publisher\":{\"@id\":\"https:\/\/www.champagne-laurent-courtillier-10.fr\/#organization\"},\"potentialAction\":[{\"@type\":\"SearchAction\",\"target\":{\"@type\":\"EntryPoint\",\"urlTemplate\":\"https:\/\/www.champagne-laurent-courtillier-10.fr\/?s={search_term_string}\"},\"query-input\":{\"@type\":\"PropertyValueSpecification\",\"valueRequired\":true,\"valueName\":\"search_term_string\"}}],\"inLanguage\":\"en-US\"},{\"@type\":\"Organization\",\"@id\":\"https:\/\/www.champagne-laurent-courtillier-10.fr\/#organization\",\"name\":\"Champagne Laurent Courtillier\",\"url\":\"https:\/\/www.champagne-laurent-courtillier-10.fr\/\",\"logo\":{\"@type\":\"ImageObject\",\"inLanguage\":\"en-US\",\"@id\":\"https:\/\/www.champagne-laurent-courtillier-10.fr\/#\/schema\/logo\/image\/\",\"url\":\"https:\/\/www.champagne-laurent-courtillier-10.fr\/wp-content\/uploads\/2023\/07\/logo.png\",\"contentUrl\":\"https:\/\/www.champagne-laurent-courtillier-10.fr\/wp-content\/uploads\/2023\/07\/logo.png\",\"width\":203,\"height\":123,\"caption\":\"Champagne Laurent Courtillier\"},\"image\":{\"@id\":\"https:\/\/www.champagne-laurent-courtillier-10.fr\/#\/schema\/logo\/image\/\"},\"sameAs\":[\"https:\/\/www.facebook.com\/champagnecourtillierlaurent\",\"https:\/\/www.instagram.com\/champagne.laurent.courtillier\/\"]}]}<\/script>\n<!-- \/ Yoast SEO plugin. -->","yoast_head_json":{"title":"Contact - Champagne Laurent Courtillier","robots":{"index":"index","follow":"follow","max-snippet":"max-snippet:-1","max-image-preview":"max-image-preview:large","max-video-preview":"max-video-preview:-1"},"canonical":"https:\/\/www.champagne-laurent-courtillier-10.fr\/en\/contact\/","og_locale":"en_US","og_type":"article","og_title":"Contact - Champagne Laurent Courtillier","og_url":"https:\/\/www.champagne-laurent-courtillier-10.fr\/en\/contact\/","og_site_name":"Champagne Laurent Courtillier","article_publisher":"https:\/\/www.facebook.com\/champagnecourtillierlaurent","article_modified_time":"2023-07-18T07:18:51+00:00","twitter_card":"summary_large_image","twitter_misc":{"Est. reading time":"7 minutes"},"schema":{"@context":"https:\/\/schema.org","@graph":[{"@type":"WebPage","@id":"https:\/\/www.champagne-laurent-courtillier-10.fr\/en\/contact\/","url":"https:\/\/www.champagne-laurent-courtillier-10.fr\/en\/contact\/","name":"Contact - Champagne Laurent Courtillier","isPartOf":{"@id":"https:\/\/www.champagne-laurent-courtillier-10.fr\/#website"},"datePublished":"2020-11-03T12:12:06+00:00","dateModified":"2023-07-18T07:18:51+00:00","breadcrumb":{"@id":"https:\/\/www.champagne-laurent-courtillier-10.fr\/en\/contact\/#breadcrumb"},"inLanguage":"en-US","potentialAction":[{"@type":"ReadAction","target":["https:\/\/www.champagne-laurent-courtillier-10.fr\/en\/contact\/"]}]},{"@type":"BreadcrumbList","@id":"https:\/\/www.champagne-laurent-courtillier-10.fr\/en\/contact\/#breadcrumb","itemListElement":[{"@type":"ListItem","position":1,"name":"Accueil","item":"https:\/\/www.champagne-laurent-courtillier-10.fr\/en\/the-estate\/"},{"@type":"ListItem","position":2,"name":"Contact"}]},{"@type":"WebSite","@id":"https:\/\/www.champagne-laurent-courtillier-10.fr\/#website","url":"https:\/\/www.champagne-laurent-courtillier-10.fr\/","name":"Champagne Laurent Courtillier","description":"","publisher":{"@id":"https:\/\/www.champagne-laurent-courtillier-10.fr\/#organization"},"potentialAction":[{"@type":"SearchAction","target":{"@type":"EntryPoint","urlTemplate":"https:\/\/www.champagne-laurent-courtillier-10.fr\/?s={search_term_string}"},"query-input":{"@type":"PropertyValueSpecification","valueRequired":true,"valueName":"search_term_string"}}],"inLanguage":"en-US"},{"@type":"Organization","@id":"https:\/\/www.champagne-laurent-courtillier-10.fr\/#organization","name":"Champagne Laurent Courtillier","url":"https:\/\/www.champagne-laurent-courtillier-10.fr\/","logo":{"@type":"ImageObject","inLanguage":"en-US","@id":"https:\/\/www.champagne-laurent-courtillier-10.fr\/#\/schema\/logo\/image\/","url":"https:\/\/www.champagne-laurent-courtillier-10.fr\/wp-content\/uploads\/2023\/07\/logo.png","contentUrl":"https:\/\/www.champagne-laurent-courtillier-10.fr\/wp-content\/uploads\/2023\/07\/logo.png","width":203,"height":123,"caption":"Champagne Laurent Courtillier"},"image":{"@id":"https:\/\/www.champagne-laurent-courtillier-10.fr\/#\/schema\/logo\/image\/"},"sameAs":["https:\/\/www.facebook.com\/champagnecourtillierlaurent","https:\/\/www.instagram.com\/champagne.laurent.courtillier\/"]}]}},"_links":{"self":[{"href":"https:\/\/www.champagne-laurent-courtillier-10.fr\/en\/wp-json\/wp\/v2\/pages\/988","targetHints":{"allow":["GET"]}}],"collection":[{"href":"https:\/\/www.champagne-laurent-courtillier-10.fr\/en\/wp-json\/wp\/v2\/pages"}],"about":[{"href":"https:\/\/www.champagne-laurent-courtillier-10.fr\/en\/wp-json\/wp\/v2\/types\/page"}],"author":[{"embeddable":true,"href":"https:\/\/www.champagne-laurent-courtillier-10.fr\/en\/wp-json\/wp\/v2\/users\/1"}],"replies":[{"embeddable":true,"href":"https:\/\/www.champagne-laurent-courtillier-10.fr\/en\/wp-json\/wp\/v2\/comments?post=988"}],"version-history":[{"count":0,"href":"https:\/\/www.champagne-laurent-courtillier-10.fr\/en\/wp-json\/wp\/v2\/pages\/988\/revisions"}],"wp:attachment":[{"href":"https:\/\/www.champagne-laurent-courtillier-10.fr\/en\/wp-json\/wp\/v2\/media?parent=988"}],"curies":[{"name":"wp","href":"https:\/\/api.w.org\/{rel}","templated":true}]}}