{"id":1017,"date":"2023-07-12T11:48:14","date_gmt":"2023-07-12T09:48:14","guid":{"rendered":"https:\/\/www.champagne-laurent-courtillier-10.fr\/in-the-cellar\/"},"modified":"2023-11-21T15:33:46","modified_gmt":"2023-11-21T14:33:46","slug":"in-the-cellar","status":"publish","type":"page","link":"https:\/\/www.champagne-laurent-courtillier-10.fr\/en\/in-the-cellar\/","title":{"rendered":"In the cellar"},"content":{"rendered":"<div class=\"fusion-fullwidth fullwidth-box fusion-builder-row-1 fusion-flex-container has-pattern-background has-mask-background nonhundred-percent-fullwidth non-hundred-percent-height-scrolling\" style=\"--awb-border-radius-top-left:0px;--awb-border-radius-top-right:0px;--awb-border-radius-bottom-right:0px;--awb-border-radius-bottom-left:0px;--awb-flex-wrap:wrap;\" ><div class=\"fusion-builder-row fusion-row fusion-flex-align-items-flex-start fusion-flex-content-wrap\" style=\"max-width:1248px;margin-left: calc(-4% \/ 2 );margin-right: calc(-4% \/ 2 );\"><div class=\"fusion-layout-column fusion_builder_column fusion-builder-column-0 fusion_builder_column_1_1 1_1 fusion-flex-column\" style=\"--awb-bg-size:cover;--awb-width-large:100%;--awb-margin-top-large:0px;--awb-spacing-right-large:1.92%;--awb-margin-bottom-large:20px;--awb-spacing-left-large:1.92%;--awb-width-medium:100%;--awb-order-medium:0;--awb-spacing-right-medium:1.92%;--awb-spacing-left-medium:1.92%;--awb-width-small:100%;--awb-order-small:0;--awb-spacing-right-small:1.92%;--awb-spacing-left-small:1.92%;\"><div class=\"fusion-column-wrapper fusion-column-has-shadow fusion-flex-justify-content-flex-start fusion-content-layout-column\"><div class=\"fusion-text fusion-text-1\"><p>Based in <strong>Colomb\u00e9-la-Fosse<\/strong> in the<strong>Aube<\/strong> department, <strong>Laurent Courtillier<\/strong> and his team welcome you to their <strong>champagne cellar<\/strong> to discover all our fine bottles. Don&#8217;t hesitate to contact us to book your visit and enjoy a memorable <strong>champagne tasting<\/strong>.<\/p>\n<h2 data-fontsize=\"26\" data-lineheight=\"30.16px\" class=\"fusion-responsive-typography-calculated\" style=\"--fontSize: 26;line-height: 1.16;--minFontSize: 26\">Discover our champagne cellar<\/h2>\n<p>Want to see <strong>champagne<\/strong> production for yourself? Come and visit us to discover our working methods and our cellar. <strong>Laurent Courtillier<\/strong> &#8216;s team will welcome you in a warm atmosphere to help you better understand our know-how.<\/p>\n<p>Of course, the tour ends with a <strong>champagne tasting<\/strong> to give you a true appreciation of our work.<\/p>\n<h2 data-fontsize=\"26\" data-lineheight=\"30.16px\" class=\"fusion-responsive-typography-calculated\" style=\"--fontSize: 26;line-height: 1.16;--minFontSize: 26\">The different stages in the production of our champagnes<\/h2>\n<p>To produce <strong>quality champagnes<\/strong>, we diligently follow a number of different stages. By controlling our production from A to Z, we can monitor the quality of our <strong>champagne<\/strong> at all times.<\/p>\n<p>Find out more about our different production stages:<\/p>\n<p>Pressing: carefully transported grapes are pressed immediately after picking, whole so as to avoid coloring the juice (these are grapes with black skins).<\/p>\n<ul>\n<li><strong>Blending:<\/strong> In Champagne, there are 3 different grape varieties: pinot noir, meunier and chardonnay. The blending of these grape varieties creates harmonious wines of consistent taste and quality. The proportion of each of these grape varieties is left to the discretion of the winemaker for the production of his cuv\u00e9es.<\/li>\n<li><strong>Bottling (tirage) and the birth of effervescence:<\/strong> effervescence is the result of the second fermentation in the bottle, while prise de mousse is the result of adding sugar and yeast when the wine is bottled. The yeasts consume the sugar, releasing alcohol and carbon dioxide into the wine&#8230; A few weeks later, thousands of bubbles are imprisoned in a bottle that you may be able to taste&#8230; But you&#8217;ll have to be patient, as legislation requires that the wine be aged for a minimum of 15 months in the cellar. In reality, however, the duration is often longer (3 or 4 years).<\/li>\n<li><strong>Riddling and disgorging:<\/strong> the yeast deposits from fermentation are stirred up and transported to the neck of the bottle. By freezing the neck, the deposit is expelled.<\/li>\n<li><strong>Dosage:<\/strong> is the final touch given to the wine, the addition of liqueur de dosage (the quantity added is intended to soften the sugar-free wine at the end of fermentation) just before the bottle is finally corked and wired.<\/li>\n<\/ul>\n<h2 data-fontsize=\"26\" data-lineheight=\"30.16px\" class=\"fusion-responsive-typography-calculated\" style=\"--fontSize: 26;line-height: 1.16;--minFontSize: 26\">Champagne production in the purest Champagne tradition<\/h2>\n<p><strong>Champagne<\/strong> is a region renowned for the production of top-quality sparkling wines, known as <strong>Champagne<\/strong>. Champagne production is regulated by strict legislation, ensuring that only wines produced in this region can be called <strong>champagne<\/strong>.<\/p>\n<p><strong>Champagne production<\/strong> begins with grape selection. The grapes used to produce Champagne must be grown in the <strong>Champagne<\/strong> region and meet strict quality standards. The grapes are then pressed to extract the juice, which is fermented to produce base wine.<\/p>\n<p>The base wine is then blended according to the desired characteristics of the final <strong>champagne<\/strong>. Blends can be composed of different grape varieties and come from different vineyard plots. The wines are then bottled with a sugar solution and yeast, triggering a second fermentation in the bottle that creates <strong>champagne<\/strong>&#8216;s emblematic bubbles.<\/p>\n<p>Once fermentation in the bottle is complete, <strong>champagne<\/strong> must age on its lees for at least 15 months for non-mill\u00e9sim\u00e9s and three years for mill\u00e9sim\u00e9s. This stage allows the aromas and flavors to develop and evolve.<\/p>\n<p>Finally, the <strong>champagne<\/strong> is disgorged to remove the lees and replaced by an expedition liqueur, which defines the sugar level and character of the final champagne. The Champagne is then corked and ready to be enjoyed.<\/p>\n<p>At <strong>Laurent Courtillier<\/strong>, we are proud to perpetuate <strong>Champagne traditions<\/strong> by producing champagnes of exceptional quality. We carefully select our grapes and use traditional winemaking techniques to ensure that every bottle of <strong>champagne<\/strong> we produce is a true masterpiece.<\/p>\n<h2 data-fontsize=\"26\" data-lineheight=\"30.16px\" class=\"fusion-responsive-typography-calculated\" style=\"--fontSize: 26;line-height: 1.16;--minFontSize: 26\">Visit our champagne cellar in Aube<\/h2>\n<p>The <strong>Champagne region<\/strong> is world-famous for its production of top-quality sparkling wines. Located in northeastern France, the <strong>Champagne<\/strong> region is characterized by a cool climate and limestone soils, ideal for growing high-quality grapes.<\/p>\n<p>The region&#8217;s winemakers have developed specific viticultural practices to make the most of these conditions, particularly in terms of vine pruning, soil management and grape selection. <strong>Laurent Courtillier<\/strong> and his sons Maxime and Th\u00e9o&#8217;s domaine on the <strong>C\u00f4te de<\/strong> Bar in the<strong>Aube<\/strong> region of France produces <strong>champagnes<\/strong> that will leave you breathless.<\/p>\n<h2 data-fontsize=\"26\" data-lineheight=\"30.16px\" class=\"fusion-responsive-typography-calculated\" style=\"--fontSize: 26;line-height: 1.16;--minFontSize: 26\">Our champagnes to find in our cellar<\/h2>\n<p>For many years, we have been working to produce <strong>top-quality champagnes<\/strong> to suit every taste and every desire. Made from three grape varieties (Pinot Noir, Chardonnay and Pinot Meunier), our <strong>champagnes<\/strong> rest for several years in our <strong>cellar<\/strong> to ensure ideal ageing.<\/p>\n<p>Discover our different <strong>champagnes<\/strong> produced in our estate and to taste in our <strong>cellar<\/strong> located in Colomb\u00e9-la-Fosse in<strong>Aube<\/strong>:<\/p>\n<ul>\n<li>Tradition Brut<\/li>\n<li>Tradition Demi-Sec<\/li>\n<li>Tradition Brut Nature<\/li>\n<li>Tradition Brut Ros\u00e9<\/li>\n<li>Prestige<\/li>\n<li>Blanc de Blancs 100% Chardonnay<\/li>\n<li>Blanc de Noirs<\/li>\n<li>Vintage 2015 and 2018<\/li>\n<li>Champagne Ratafia<\/li>\n<\/ul>\n<h2 data-fontsize=\"26\" data-lineheight=\"30.16px\" class=\"fusion-responsive-typography-calculated\" style=\"--fontSize: 26;line-height: 1.16;--minFontSize: 26\">Enjoy a memorable tasting of our champagnes<\/h2>\n<p>At <strong>Laurent Courtillier,<\/strong> we believe that <strong>tasting<\/strong> our <strong>champagnes<\/strong> is a unique and memorable experience. Every bottle of champagne we produce is the result of rigorous, traditional winemaking techniques.<\/p>\n<p>When you taste one of our <strong>champagnes<\/strong>, we invite you to take the time to appreciate its color and bubbles. We produce <strong>champagnes<\/strong> to suit all tastes, to be enjoyed at any time of the meal.<\/p>\n<p>We recommend serving our <strong>champagnes chilled<\/strong>, at a temperature of between 8 and 10 degrees Celsius, and enjoying them in elegant flutes to enhance their color and bubbles. We also encourage you to explore our range of <strong>champagnes<\/strong>, including vintages and special cuv\u00e9es, to discover the diversity and complexity of our wines.<\/p>\n<p>We hope you enjoy every sip of our <strong>champagnes<\/strong>, and we look forward to welcoming you to our <strong>cellar<\/strong> for an in-person <strong>tasting<\/strong>.<\/p>\n<h2 data-fontsize=\"26\" data-lineheight=\"30.16px\" class=\"fusion-responsive-typography-calculated\" style=\"--fontSize: 26;line-height: 1.16;--minFontSize: 26\">Complete control over the entire production of our champagnes<\/h2>\n<p>We are proud to control every stage in the production of our <strong>champagnes<\/strong>, from grape selection to bottling. We are convinced that this mastery enables us to produce <strong>exceptional champagnes<\/strong> and to guarantee the quality of every bottle we produce.<\/p>\n<p>We begin by carefully selecting the grapes we use to produce our <strong>champagnes<\/strong>. We grow only Pinot Noir, Pinot Meunier and Chardonnay grapes on the <strong>C\u00f4te de Bar<\/strong> in the<strong>Aube<\/strong> region.<\/p>\n<p>We then use traditional winemaking methods to transform these grapes into a base wine. We use precise blends to create complex, balanced flavors in every bottle of <strong>champagne<\/strong> we produce.<\/p>\n<p>We then leave our <strong>champagnes<\/strong> to age on the lees for a specific period of time to allow the flavors and aromas to develop and harmonize. This stage is crucial to the quality of our <strong>champagnes<\/strong>.<\/p>\n<p>Finally, we disgorge each bottle by hand and replace it with a carefully selected liqueur d&#8217;exp\u00e9dition to create the unique character of each <strong>champagne<\/strong>.<\/p>\n<\/div><\/div><\/div><\/div><\/div>\n","protected":false},"excerpt":{"rendered":"","protected":false},"author":1,"featured_media":0,"parent":0,"menu_order":0,"comment_status":"closed","ping_status":"closed","template":"","meta":{"footnotes":""},"class_list":["post-1017","page","type-page","status-publish","hentry"],"yoast_head":"<!-- This site is optimized with the Yoast SEO plugin v25.2 - https:\/\/yoast.com\/wordpress\/plugins\/seo\/ -->\n<title>In the cellar - Champagne Laurent Courtillier<\/title>\n<meta name=\"robots\" content=\"index, follow, max-snippet:-1, max-image-preview:large, max-video-preview:-1\" \/>\n<link rel=\"canonical\" href=\"https:\/\/www.champagne-laurent-courtillier-10.fr\/en\/in-the-cellar\/\" \/>\n<meta property=\"og:locale\" content=\"en_US\" \/>\n<meta property=\"og:type\" content=\"article\" \/>\n<meta property=\"og:title\" content=\"In the cellar - Champagne Laurent Courtillier\" \/>\n<meta property=\"og:url\" content=\"https:\/\/www.champagne-laurent-courtillier-10.fr\/en\/in-the-cellar\/\" \/>\n<meta property=\"og:site_name\" content=\"Champagne Laurent Courtillier\" \/>\n<meta property=\"article:publisher\" content=\"https:\/\/www.facebook.com\/champagnecourtillierlaurent\" \/>\n<meta property=\"article:modified_time\" content=\"2023-11-21T14:33:46+00:00\" \/>\n<meta name=\"twitter:card\" content=\"summary_large_image\" \/>\n<meta name=\"twitter:label1\" content=\"Est. reading time\" \/>\n\t<meta name=\"twitter:data1\" content=\"8 minutes\" \/>\n<script type=\"application\/ld+json\" class=\"yoast-schema-graph\">{\"@context\":\"https:\/\/schema.org\",\"@graph\":[{\"@type\":\"WebPage\",\"@id\":\"https:\/\/www.champagne-laurent-courtillier-10.fr\/en\/in-the-cellar\/\",\"url\":\"https:\/\/www.champagne-laurent-courtillier-10.fr\/en\/in-the-cellar\/\",\"name\":\"In the cellar - Champagne Laurent Courtillier\",\"isPartOf\":{\"@id\":\"https:\/\/www.champagne-laurent-courtillier-10.fr\/#website\"},\"datePublished\":\"2023-07-12T09:48:14+00:00\",\"dateModified\":\"2023-11-21T14:33:46+00:00\",\"breadcrumb\":{\"@id\":\"https:\/\/www.champagne-laurent-courtillier-10.fr\/en\/in-the-cellar\/#breadcrumb\"},\"inLanguage\":\"en-US\",\"potentialAction\":[{\"@type\":\"ReadAction\",\"target\":[\"https:\/\/www.champagne-laurent-courtillier-10.fr\/en\/in-the-cellar\/\"]}]},{\"@type\":\"BreadcrumbList\",\"@id\":\"https:\/\/www.champagne-laurent-courtillier-10.fr\/en\/in-the-cellar\/#breadcrumb\",\"itemListElement\":[{\"@type\":\"ListItem\",\"position\":1,\"name\":\"Accueil\",\"item\":\"https:\/\/www.champagne-laurent-courtillier-10.fr\/en\/the-estate\/\"},{\"@type\":\"ListItem\",\"position\":2,\"name\":\"In the cellar\"}]},{\"@type\":\"WebSite\",\"@id\":\"https:\/\/www.champagne-laurent-courtillier-10.fr\/#website\",\"url\":\"https:\/\/www.champagne-laurent-courtillier-10.fr\/\",\"name\":\"Champagne Laurent Courtillier\",\"description\":\"\",\"publisher\":{\"@id\":\"https:\/\/www.champagne-laurent-courtillier-10.fr\/#organization\"},\"potentialAction\":[{\"@type\":\"SearchAction\",\"target\":{\"@type\":\"EntryPoint\",\"urlTemplate\":\"https:\/\/www.champagne-laurent-courtillier-10.fr\/?s={search_term_string}\"},\"query-input\":{\"@type\":\"PropertyValueSpecification\",\"valueRequired\":true,\"valueName\":\"search_term_string\"}}],\"inLanguage\":\"en-US\"},{\"@type\":\"Organization\",\"@id\":\"https:\/\/www.champagne-laurent-courtillier-10.fr\/#organization\",\"name\":\"Champagne Laurent Courtillier\",\"url\":\"https:\/\/www.champagne-laurent-courtillier-10.fr\/\",\"logo\":{\"@type\":\"ImageObject\",\"inLanguage\":\"en-US\",\"@id\":\"https:\/\/www.champagne-laurent-courtillier-10.fr\/#\/schema\/logo\/image\/\",\"url\":\"https:\/\/www.champagne-laurent-courtillier-10.fr\/wp-content\/uploads\/2023\/07\/logo.png\",\"contentUrl\":\"https:\/\/www.champagne-laurent-courtillier-10.fr\/wp-content\/uploads\/2023\/07\/logo.png\",\"width\":203,\"height\":123,\"caption\":\"Champagne Laurent Courtillier\"},\"image\":{\"@id\":\"https:\/\/www.champagne-laurent-courtillier-10.fr\/#\/schema\/logo\/image\/\"},\"sameAs\":[\"https:\/\/www.facebook.com\/champagnecourtillierlaurent\",\"https:\/\/www.instagram.com\/champagne.laurent.courtillier\/\"]}]}<\/script>\n<!-- \/ Yoast SEO plugin. -->","yoast_head_json":{"title":"In the cellar - Champagne Laurent Courtillier","robots":{"index":"index","follow":"follow","max-snippet":"max-snippet:-1","max-image-preview":"max-image-preview:large","max-video-preview":"max-video-preview:-1"},"canonical":"https:\/\/www.champagne-laurent-courtillier-10.fr\/en\/in-the-cellar\/","og_locale":"en_US","og_type":"article","og_title":"In the cellar - Champagne Laurent Courtillier","og_url":"https:\/\/www.champagne-laurent-courtillier-10.fr\/en\/in-the-cellar\/","og_site_name":"Champagne Laurent Courtillier","article_publisher":"https:\/\/www.facebook.com\/champagnecourtillierlaurent","article_modified_time":"2023-11-21T14:33:46+00:00","twitter_card":"summary_large_image","twitter_misc":{"Est. reading time":"8 minutes"},"schema":{"@context":"https:\/\/schema.org","@graph":[{"@type":"WebPage","@id":"https:\/\/www.champagne-laurent-courtillier-10.fr\/en\/in-the-cellar\/","url":"https:\/\/www.champagne-laurent-courtillier-10.fr\/en\/in-the-cellar\/","name":"In the cellar - Champagne Laurent Courtillier","isPartOf":{"@id":"https:\/\/www.champagne-laurent-courtillier-10.fr\/#website"},"datePublished":"2023-07-12T09:48:14+00:00","dateModified":"2023-11-21T14:33:46+00:00","breadcrumb":{"@id":"https:\/\/www.champagne-laurent-courtillier-10.fr\/en\/in-the-cellar\/#breadcrumb"},"inLanguage":"en-US","potentialAction":[{"@type":"ReadAction","target":["https:\/\/www.champagne-laurent-courtillier-10.fr\/en\/in-the-cellar\/"]}]},{"@type":"BreadcrumbList","@id":"https:\/\/www.champagne-laurent-courtillier-10.fr\/en\/in-the-cellar\/#breadcrumb","itemListElement":[{"@type":"ListItem","position":1,"name":"Accueil","item":"https:\/\/www.champagne-laurent-courtillier-10.fr\/en\/the-estate\/"},{"@type":"ListItem","position":2,"name":"In the cellar"}]},{"@type":"WebSite","@id":"https:\/\/www.champagne-laurent-courtillier-10.fr\/#website","url":"https:\/\/www.champagne-laurent-courtillier-10.fr\/","name":"Champagne Laurent Courtillier","description":"","publisher":{"@id":"https:\/\/www.champagne-laurent-courtillier-10.fr\/#organization"},"potentialAction":[{"@type":"SearchAction","target":{"@type":"EntryPoint","urlTemplate":"https:\/\/www.champagne-laurent-courtillier-10.fr\/?s={search_term_string}"},"query-input":{"@type":"PropertyValueSpecification","valueRequired":true,"valueName":"search_term_string"}}],"inLanguage":"en-US"},{"@type":"Organization","@id":"https:\/\/www.champagne-laurent-courtillier-10.fr\/#organization","name":"Champagne Laurent Courtillier","url":"https:\/\/www.champagne-laurent-courtillier-10.fr\/","logo":{"@type":"ImageObject","inLanguage":"en-US","@id":"https:\/\/www.champagne-laurent-courtillier-10.fr\/#\/schema\/logo\/image\/","url":"https:\/\/www.champagne-laurent-courtillier-10.fr\/wp-content\/uploads\/2023\/07\/logo.png","contentUrl":"https:\/\/www.champagne-laurent-courtillier-10.fr\/wp-content\/uploads\/2023\/07\/logo.png","width":203,"height":123,"caption":"Champagne Laurent Courtillier"},"image":{"@id":"https:\/\/www.champagne-laurent-courtillier-10.fr\/#\/schema\/logo\/image\/"},"sameAs":["https:\/\/www.facebook.com\/champagnecourtillierlaurent","https:\/\/www.instagram.com\/champagne.laurent.courtillier\/"]}]}},"_links":{"self":[{"href":"https:\/\/www.champagne-laurent-courtillier-10.fr\/en\/wp-json\/wp\/v2\/pages\/1017","targetHints":{"allow":["GET"]}}],"collection":[{"href":"https:\/\/www.champagne-laurent-courtillier-10.fr\/en\/wp-json\/wp\/v2\/pages"}],"about":[{"href":"https:\/\/www.champagne-laurent-courtillier-10.fr\/en\/wp-json\/wp\/v2\/types\/page"}],"author":[{"embeddable":true,"href":"https:\/\/www.champagne-laurent-courtillier-10.fr\/en\/wp-json\/wp\/v2\/users\/1"}],"replies":[{"embeddable":true,"href":"https:\/\/www.champagne-laurent-courtillier-10.fr\/en\/wp-json\/wp\/v2\/comments?post=1017"}],"version-history":[{"count":3,"href":"https:\/\/www.champagne-laurent-courtillier-10.fr\/en\/wp-json\/wp\/v2\/pages\/1017\/revisions"}],"predecessor-version":[{"id":1222,"href":"https:\/\/www.champagne-laurent-courtillier-10.fr\/en\/wp-json\/wp\/v2\/pages\/1017\/revisions\/1222"}],"wp:attachment":[{"href":"https:\/\/www.champagne-laurent-courtillier-10.fr\/en\/wp-json\/wp\/v2\/media?parent=1017"}],"curies":[{"name":"wp","href":"https:\/\/api.w.org\/{rel}","templated":true}]}}